{"id":1478,"date":"2013-03-08T19:58:18","date_gmt":"2013-03-08T19:58:18","guid":{"rendered":"http:\/\/www.montedospinheirinhos.com\/diary\/?page_id=1478"},"modified":"2024-06-03T14:37:37","modified_gmt":"2024-06-03T14:37:37","slug":"as-casas","status":"publish","type":"page","link":"https:\/\/www.montedospinheirinhos.com\/diary\/as-casas\/","title":{"rendered":"As Casas"},"content":{"rendered":"<div id=\"intro\">\n<p><span class=\"double-line\">\u00a0<\/span><\/p>\n<h1 style=\"text-align: center;\">Em plena comunh\u00e3o com a natureza, rodeadas de campos e bosques, as casas integram-se de um modo simples e harmonioso com o meio envolvente, permitindo descansar e\u00a0assistir ao desenrolar da vida em meio natural.<\/h1>\n<h1 style=\"text-align: center;\">Gaios, pintassilgos, gar\u00e7as, cegonhas, perdizes, pegas ou pica-paus, s\u00e3o algumas das aves que se podem observar \u00e0 volta do Monte. O javali, a raposa, o texugo, o saca-rabos\u00a0e mesmo alguns veados s\u00e3o outros animais selvagens que povoam as redondezas e que ocasionalmente se deixam ver.<\/h1>\n<h1 style=\"text-align: center;\">Durante a Primavera e Ver\u00e3o, as flores campestres em todo o seu esplendor atraem os insectos e, borboletas e libelinhas, de diferentes esp\u00e9cies, s\u00e3o f\u00e1ceis de\u00a0descobrir e fotografar. No Outono e Inverno s\u00e3o os cogumelos as estrelas com que a natureza nos presenteia, tornando as sa\u00eddas de campo\u00a0irresist\u00edveis.<\/h1>\n<p style=\"text-align: center;\"><span class=\"double-line\">\u00a0<\/span><\/p>\n<\/div>\n<div id='gallery-1' class='gallery galleryid-1478 gallery-columns-3 gallery-size-thumbnail'><figure class='gallery-item'>\n\t\t\t<div class='gallery-icon landscape'>\n\t\t\t\t<a href='https:\/\/www.montedospinheirinhos.com\/diary\/wp-content\/uploads\/Casa-Sala-e-Quarto.jpg'><img loading=\"lazy\" decoding=\"async\" width=\"96\" height=\"96\" src=\"https:\/\/www.montedospinheirinhos.com\/diary\/wp-content\/uploads\/Casa-Sala-e-Quarto-150x150.jpg\" class=\"attachment-thumbnail size-thumbnail\" alt=\"\" \/><\/a>\n\t\t\t<\/div><\/figure><figure class='gallery-item'>\n\t\t\t<div class='gallery-icon landscape'>\n\t\t\t\t<a href='https:\/\/www.montedospinheirinhos.com\/diary\/wp-content\/uploads\/Casa-Quarto1.jpg'><img loading=\"lazy\" decoding=\"async\" width=\"96\" height=\"96\" src=\"https:\/\/www.montedospinheirinhos.com\/diary\/wp-content\/uploads\/Casa-Quarto1-150x150.jpg\" class=\"attachment-thumbnail size-thumbnail\" alt=\"\" \/><\/a>\n\t\t\t<\/div><\/figure><figure class='gallery-item'>\n\t\t\t<div class='gallery-icon landscape'>\n\t\t\t\t<a href='https:\/\/www.montedospinheirinhos.com\/diary\/wp-content\/uploads\/Casa-Corredor-e-sala.jpg'><img loading=\"lazy\" decoding=\"async\" width=\"96\" height=\"96\" src=\"https:\/\/www.montedospinheirinhos.com\/diary\/wp-content\/uploads\/Casa-Corredor-e-sala-150x150.jpg\" class=\"attachment-thumbnail size-thumbnail\" alt=\"\" \/><\/a>\n\t\t\t<\/div><\/figure><figure class='gallery-item'>\n\t\t\t<div class='gallery-icon landscape'>\n\t\t\t\t<a href='https:\/\/www.montedospinheirinhos.com\/diary\/wp-content\/uploads\/Casa-Sala-e-Lareira.jpg'><img loading=\"lazy\" decoding=\"async\" width=\"96\" height=\"96\" src=\"https:\/\/www.montedospinheirinhos.com\/diary\/wp-content\/uploads\/Casa-Sala-e-Lareira-150x150.jpg\" class=\"attachment-thumbnail size-thumbnail\" alt=\"\" \/><\/a>\n\t\t\t<\/div><\/figure><figure class='gallery-item'>\n\t\t\t<div class='gallery-icon landscape'>\n\t\t\t\t<a href='https:\/\/www.montedospinheirinhos.com\/diary\/wp-content\/uploads\/Casa-Quarto2.jpg'><img loading=\"lazy\" decoding=\"async\" width=\"96\" height=\"96\" src=\"https:\/\/www.montedospinheirinhos.com\/diary\/wp-content\/uploads\/Casa-Quarto2-150x150.jpg\" class=\"attachment-thumbnail size-thumbnail\" alt=\"\" \/><\/a>\n\t\t\t<\/div><\/figure><figure class='gallery-item'>\n\t\t\t<div class='gallery-icon landscape'>\n\t\t\t\t<a href='https:\/\/www.montedospinheirinhos.com\/diary\/wp-content\/uploads\/Casa-Sala.jpg'><img loading=\"lazy\" decoding=\"async\" width=\"96\" height=\"96\" src=\"https:\/\/www.montedospinheirinhos.com\/diary\/wp-content\/uploads\/Casa-Sala-150x150.jpg\" class=\"attachment-thumbnail size-thumbnail\" alt=\"\" \/><\/a>\n\t\t\t<\/div><\/figure><figure class='gallery-item'>\n\t\t\t<div class='gallery-icon landscape'>\n\t\t\t\t<a href='https:\/\/www.montedospinheirinhos.com\/diary\/wp-content\/uploads\/Casa-pequena-Cozinha-e-WC.jpg'><img loading=\"lazy\" decoding=\"async\" width=\"96\" height=\"96\" src=\"https:\/\/www.montedospinheirinhos.com\/diary\/wp-content\/uploads\/Casa-pequena-Cozinha-e-WC-150x150.jpg\" class=\"attachment-thumbnail size-thumbnail\" alt=\"\" \/><\/a>\n\t\t\t<\/div><\/figure><figure class='gallery-item'>\n\t\t\t<div class='gallery-icon landscape'>\n\t\t\t\t<a href='https:\/\/www.montedospinheirinhos.com\/diary\/wp-content\/uploads\/Casa-pequena-Entrada-e-cozinha.jpg'><img loading=\"lazy\" decoding=\"async\" width=\"96\" height=\"96\" src=\"https:\/\/www.montedospinheirinhos.com\/diary\/wp-content\/uploads\/Casa-pequena-Entrada-e-cozinha-150x150.jpg\" class=\"attachment-thumbnail size-thumbnail\" alt=\"\" \/><\/a>\n\t\t\t<\/div><\/figure><figure class='gallery-item'>\n\t\t\t<div class='gallery-icon landscape'>\n\t\t\t\t<a href='https:\/\/www.montedospinheirinhos.com\/diary\/wp-content\/uploads\/Casa-pequena-Quarto-e-salamandra.jpg'><img loading=\"lazy\" decoding=\"async\" width=\"96\" height=\"96\" src=\"https:\/\/www.montedospinheirinhos.com\/diary\/wp-content\/uploads\/Casa-pequena-Quarto-e-salamandra-150x150.jpg\" class=\"attachment-thumbnail size-thumbnail\" alt=\"\" \/><\/a>\n\t\t\t<\/div><\/figure><figure class='gallery-item'>\n\t\t\t<div class='gallery-icon landscape'>\n\t\t\t\t<a href='https:\/\/www.montedospinheirinhos.com\/diary\/wp-content\/uploads\/Casa-pequena-Entrada-e-sala.jpg'><img loading=\"lazy\" decoding=\"async\" width=\"96\" height=\"96\" src=\"https:\/\/www.montedospinheirinhos.com\/diary\/wp-content\/uploads\/Casa-pequena-Entrada-e-sala-150x150.jpg\" class=\"attachment-thumbnail size-thumbnail\" alt=\"\" \/><\/a>\n\t\t\t<\/div><\/figure><figure class='gallery-item'>\n\t\t\t<div class='gallery-icon landscape'>\n\t\t\t\t<a href='https:\/\/www.montedospinheirinhos.com\/diary\/wp-content\/uploads\/Casa-pequena-Quarto.jpg'><img loading=\"lazy\" decoding=\"async\" width=\"96\" height=\"96\" src=\"https:\/\/www.montedospinheirinhos.com\/diary\/wp-content\/uploads\/Casa-pequena-Quarto-150x150.jpg\" class=\"attachment-thumbnail size-thumbnail\" alt=\"\" \/><\/a>\n\t\t\t<\/div><\/figure><figure class='gallery-item'>\n\t\t\t<div class='gallery-icon landscape'>\n\t\t\t\t<a href='https:\/\/www.montedospinheirinhos.com\/diary\/wp-content\/uploads\/Casa-pequena-Sala-e-quarto.jpg'><img loading=\"lazy\" decoding=\"async\" width=\"96\" height=\"96\" src=\"https:\/\/www.montedospinheirinhos.com\/diary\/wp-content\/uploads\/Casa-pequena-Sala-e-quarto-150x150.jpg\" class=\"attachment-thumbnail size-thumbnail\" alt=\"\" \/><\/a>\n\t\t\t<\/div><\/figure>\n\t\t<\/div>\n\n","protected":false},"excerpt":{"rendered":"<p>\u00a0 Em plena comunh\u00e3o com a natureza, rodeadas de campos e bosques, as casas integram-se de um modo simples e harmonioso com o meio envolvente, permitindo descansar e\u00a0assistir ao desenrolar da vida em meio natural. Gaios, pintassilgos, gar\u00e7as, cegonhas, perdizes, pegas ou pica-paus, s\u00e3o algumas das aves que se podem observar \u00e0 volta do Monte&#8230;.<\/p>\n","protected":false},"author":1,"featured_media":0,"parent":0,"menu_order":0,"comment_status":"closed","ping_status":"open","template":"","meta":{"_kad_post_transparent":"disable","_kad_post_title":"hide","_kad_post_layout":"fullwidth","_kad_post_sidebar_id":"","_kad_post_content_style":"unboxed","_kad_post_vertical_padding":"hide","_kad_post_feature":"","_kad_post_feature_position":"","_kad_post_header":false,"_kad_post_footer":false,"footnotes":""},"_links":{"self":[{"href":"https:\/\/www.montedospinheirinhos.com\/diary\/wp-json\/wp\/v2\/pages\/1478"}],"collection":[{"href":"https:\/\/www.montedospinheirinhos.com\/diary\/wp-json\/wp\/v2\/pages"}],"about":[{"href":"https:\/\/www.montedospinheirinhos.com\/diary\/wp-json\/wp\/v2\/types\/page"}],"author":[{"embeddable":true,"href":"https:\/\/www.montedospinheirinhos.com\/diary\/wp-json\/wp\/v2\/users\/1"}],"replies":[{"embeddable":true,"href":"https:\/\/www.montedospinheirinhos.com\/diary\/wp-json\/wp\/v2\/comments?post=1478"}],"version-history":[{"count":18,"href":"https:\/\/www.montedospinheirinhos.com\/diary\/wp-json\/wp\/v2\/pages\/1478\/revisions"}],"predecessor-version":[{"id":1977,"href":"https:\/\/www.montedospinheirinhos.com\/diary\/wp-json\/wp\/v2\/pages\/1478\/revisions\/1977"}],"wp:attachment":[{"href":"https:\/\/www.montedospinheirinhos.com\/diary\/wp-json\/wp\/v2\/media?parent=1478"}],"curies":[{"name":"wp","href":"https:\/\/api.w.org\/{rel}","templated":true}]}}