{"id":1473,"date":"2013-03-08T19:53:55","date_gmt":"2013-03-08T19:53:55","guid":{"rendered":"http:\/\/www.montedospinheirinhos.com\/diary\/?page_id=1473"},"modified":"2024-06-03T14:36:48","modified_gmt":"2024-06-03T14:36:48","slug":"actividades","status":"publish","type":"page","link":"https:\/\/www.montedospinheirinhos.com\/diary\/actividades\/","title":{"rendered":"Actividades"},"content":{"rendered":"<div id=\"intro\">\n<p style=\"text-align: center;\"><span class=\"double-line\">\u00a0<\/span><\/p>\n<h1 style=\"text-align: center;\">Para ocupar os tempos livres, entre as actividades poss\u00edveis de praticar, a pesca, seja na costa ou nas barragens, a canoagem no Rio Mira, o surf, cada vez mais procurado nestas praias, a fotografia da natureza, a observa\u00e7\u00e3o de esp\u00e9cies animais e vegetais \u00fanicas, constituem algumas das in\u00fameras possibilidades de lazer.<\/h1>\n<h1 style=\"text-align: center;\">A Rota Vicentina, que permite caminhar de Santiago de Cac\u00e9m at\u00e9 ao Cabo de S. Vicente, encontra no Trilho dos Pescadores, que vai ao longo da costa de Porto Covo at\u00e9 Odeceixe,\u00a0alguns dos seus mais deslumbrantes cen\u00e1rios e \u00e9 de f\u00e1cil acesso a partir do Monte.<\/h1>\n<p style=\"text-align: center;\"><span class=\"double-line\">\u00a0<\/span><\/p>\n<\/div>\n<div id='gallery-1' class='gallery galleryid-1473 gallery-columns-3 gallery-size-thumbnail'><figure class='gallery-item'>\n\t\t\t<div class='gallery-icon landscape'>\n\t\t\t\t<a href='https:\/\/www.montedospinheirinhos.com\/diary\/wp-content\/uploads\/Corrico-Mirou\u00e7o.jpg'><img loading=\"lazy\" decoding=\"async\" width=\"96\" height=\"96\" src=\"https:\/\/www.montedospinheirinhos.com\/diary\/wp-content\/uploads\/Corrico-Mirou\u00e7o-150x150.jpg\" class=\"attachment-thumbnail size-thumbnail\" alt=\"\" \/><\/a>\n\t\t\t<\/div><\/figure><figure class='gallery-item'>\n\t\t\t<div class='gallery-icon landscape'>\n\t\t\t\t<a href='https:\/\/www.montedospinheirinhos.com\/diary\/wp-content\/uploads\/Elias-P\u00f4r-do-Sol.jpg'><img loading=\"lazy\" decoding=\"async\" width=\"96\" height=\"96\" src=\"https:\/\/www.montedospinheirinhos.com\/diary\/wp-content\/uploads\/Elias-P\u00f4r-do-Sol-150x150.jpg\" class=\"attachment-thumbnail size-thumbnail\" alt=\"\" \/><\/a>\n\t\t\t<\/div><\/figure><figure class='gallery-item'>\n\t\t\t<div class='gallery-icon landscape'>\n\t\t\t\t<a href='https:\/\/www.montedospinheirinhos.com\/diary\/wp-content\/uploads\/Pedra-das-douradas.jpg'><img loading=\"lazy\" decoding=\"async\" width=\"96\" height=\"96\" src=\"https:\/\/www.montedospinheirinhos.com\/diary\/wp-content\/uploads\/Pedra-das-douradas-150x150.jpg\" class=\"attachment-thumbnail size-thumbnail\" alt=\"\" \/><\/a>\n\t\t\t<\/div><\/figure><figure class='gallery-item'>\n\t\t\t<div class='gallery-icon landscape'>\n\t\t\t\t<a href='https:\/\/www.montedospinheirinhos.com\/diary\/wp-content\/uploads\/Pesca-Mirou\u00e7o.jpg'><img loading=\"lazy\" decoding=\"async\" width=\"96\" height=\"96\" src=\"https:\/\/www.montedospinheirinhos.com\/diary\/wp-content\/uploads\/Pesca-Mirou\u00e7o-150x150.jpg\" class=\"attachment-thumbnail size-thumbnail\" alt=\"\" \/><\/a>\n\t\t\t<\/div><\/figure><figure class='gallery-item'>\n\t\t\t<div class='gallery-icon landscape'>\n\t\t\t\t<a href='https:\/\/www.montedospinheirinhos.com\/diary\/wp-content\/uploads\/Praia-da-Zambujeira.jpg'><img loading=\"lazy\" decoding=\"async\" width=\"96\" height=\"96\" src=\"https:\/\/www.montedospinheirinhos.com\/diary\/wp-content\/uploads\/Praia-da-Zambujeira-150x150.jpg\" class=\"attachment-thumbnail size-thumbnail\" alt=\"\" \/><\/a>\n\t\t\t<\/div><\/figure><figure class='gallery-item'>\n\t\t\t<div class='gallery-icon landscape'>\n\t\t\t\t<a href='https:\/\/www.montedospinheirinhos.com\/diary\/wp-content\/uploads\/Zambujeira-Kite-Surf.jpg'><img loading=\"lazy\" decoding=\"async\" width=\"96\" height=\"96\" src=\"https:\/\/www.montedospinheirinhos.com\/diary\/wp-content\/uploads\/Zambujeira-Kite-Surf-150x150.jpg\" class=\"attachment-thumbnail size-thumbnail\" alt=\"\" \/><\/a>\n\t\t\t<\/div><\/figure>\n\t\t<\/div>\n\n","protected":false},"excerpt":{"rendered":"<p>\u00a0 Para ocupar os tempos livres, entre as actividades poss\u00edveis de praticar, a pesca, seja na costa ou nas barragens, a canoagem no Rio Mira, o surf, cada vez mais procurado nestas praias, a fotografia da natureza, a observa\u00e7\u00e3o de esp\u00e9cies animais e vegetais \u00fanicas, constituem algumas das in\u00fameras possibilidades de lazer. A Rota Vicentina,&#8230;<\/p>\n","protected":false},"author":1,"featured_media":0,"parent":0,"menu_order":0,"comment_status":"closed","ping_status":"open","template":"","meta":{"_kad_post_transparent":"disable","_kad_post_title":"hide","_kad_post_layout":"","_kad_post_sidebar_id":"","_kad_post_content_style":"unboxed","_kad_post_vertical_padding":"hide","_kad_post_feature":"default","_kad_post_feature_position":"","_kad_post_header":false,"_kad_post_footer":false,"footnotes":""},"_links":{"self":[{"href":"https:\/\/www.montedospinheirinhos.com\/diary\/wp-json\/wp\/v2\/pages\/1473"}],"collection":[{"href":"https:\/\/www.montedospinheirinhos.com\/diary\/wp-json\/wp\/v2\/pages"}],"about":[{"href":"https:\/\/www.montedospinheirinhos.com\/diary\/wp-json\/wp\/v2\/types\/page"}],"author":[{"embeddable":true,"href":"https:\/\/www.montedospinheirinhos.com\/diary\/wp-json\/wp\/v2\/users\/1"}],"replies":[{"embeddable":true,"href":"https:\/\/www.montedospinheirinhos.com\/diary\/wp-json\/wp\/v2\/comments?post=1473"}],"version-history":[{"count":18,"href":"https:\/\/www.montedospinheirinhos.com\/diary\/wp-json\/wp\/v2\/pages\/1473\/revisions"}],"predecessor-version":[{"id":1975,"href":"https:\/\/www.montedospinheirinhos.com\/diary\/wp-json\/wp\/v2\/pages\/1473\/revisions\/1975"}],"wp:attachment":[{"href":"https:\/\/www.montedospinheirinhos.com\/diary\/wp-json\/wp\/v2\/media?parent=1473"}],"curies":[{"name":"wp","href":"https:\/\/api.w.org\/{rel}","templated":true}]}}