{"id":1412,"date":"2013-02-12T20:27:43","date_gmt":"2013-02-12T20:27:43","guid":{"rendered":"http:\/\/www.montedospinheirinhos.com\/diary\/?page_id=1412"},"modified":"2024-06-03T14:39:09","modified_gmt":"2024-06-03T14:39:09","slug":"eventos","status":"publish","type":"page","link":"https:\/\/www.montedospinheirinhos.com\/diary\/eventos\/","title":{"rendered":"Festival dos Mastros"},"content":{"rendered":"<div id=\"intro\"><span class=\"double-line\">\u00a0<\/span><\/p>\n<h1 style=\"text-align: center;\">O Festival dos Mastros de S. Teot\u00f3nio realiza-se nos anos \u00edmpares, durante o m\u00eas de Junho, e transforma a vila numa paleta de cor e imagina\u00e7\u00e3o em que a popula\u00e7\u00e3o contribui com o seu trabalho e arte\u00a0para um m\u00eas de deslumbramento e originalidade.<\/h1>\n<h1 style=\"text-align: center;\">Cada largo ostenta o seu Mastro com orgulho e, \u00e0 noite, \u00e9 organizado um baile pela comiss\u00e3o das festas em que as pessoas dan\u00e7am pela noite dentro \u00e0 volta do mastro e\u00a0ao som de m\u00fasicas bem portuguesas.<\/h1>\n<h1 style=\"text-align: center;\">Tudo culmina na grande Feira Antiga do Quintal\u00e3o, quase no fim do m\u00eas, em que todos se vestem com trajes antigos e tradicionais recriando o ambiente de uma feira do in\u00edcio do s\u00e9culo XX onde se vendem produtos artesanais e os locais trazem as suas merendas e confraternizam numa festa sem igual.<\/h1>\n<p><span class=\"double-line\">\u00a0<\/span><\/p>\n<\/div>\n<div id='gallery-1' class='gallery galleryid-1412 gallery-columns-3 gallery-size-thumbnail'><figure class='gallery-item'>\n\t\t\t<div class='gallery-icon landscape'>\n\t\t\t\t<a href='https:\/\/www.montedospinheirinhos.com\/diary\/wp-content\/uploads\/mastros01.jpg'><img loading=\"lazy\" decoding=\"async\" width=\"96\" height=\"96\" src=\"https:\/\/www.montedospinheirinhos.com\/diary\/wp-content\/uploads\/mastros01-150x150.jpg\" class=\"attachment-thumbnail size-thumbnail\" alt=\"\" \/><\/a>\n\t\t\t<\/div><\/figure><figure class='gallery-item'>\n\t\t\t<div class='gallery-icon landscape'>\n\t\t\t\t<a href='https:\/\/www.montedospinheirinhos.com\/diary\/wp-content\/uploads\/mastros02.jpg'><img loading=\"lazy\" decoding=\"async\" width=\"96\" height=\"96\" src=\"https:\/\/www.montedospinheirinhos.com\/diary\/wp-content\/uploads\/mastros02-150x150.jpg\" class=\"attachment-thumbnail size-thumbnail\" alt=\"\" \/><\/a>\n\t\t\t<\/div><\/figure><figure class='gallery-item'>\n\t\t\t<div class='gallery-icon landscape'>\n\t\t\t\t<a href='https:\/\/www.montedospinheirinhos.com\/diary\/wp-content\/uploads\/mastros03.jpg'><img loading=\"lazy\" decoding=\"async\" width=\"96\" height=\"96\" src=\"https:\/\/www.montedospinheirinhos.com\/diary\/wp-content\/uploads\/mastros03-150x150.jpg\" class=\"attachment-thumbnail size-thumbnail\" alt=\"\" \/><\/a>\n\t\t\t<\/div><\/figure><figure class='gallery-item'>\n\t\t\t<div class='gallery-icon landscape'>\n\t\t\t\t<a href='https:\/\/www.montedospinheirinhos.com\/diary\/wp-content\/uploads\/mastros04.jpg'><img loading=\"lazy\" decoding=\"async\" width=\"96\" height=\"96\" src=\"https:\/\/www.montedospinheirinhos.com\/diary\/wp-content\/uploads\/mastros04-150x150.jpg\" class=\"attachment-thumbnail size-thumbnail\" alt=\"\" \/><\/a>\n\t\t\t<\/div><\/figure><figure class='gallery-item'>\n\t\t\t<div class='gallery-icon landscape'>\n\t\t\t\t<a href='https:\/\/www.montedospinheirinhos.com\/diary\/wp-content\/uploads\/mastros05.jpg'><img loading=\"lazy\" decoding=\"async\" width=\"96\" height=\"96\" src=\"https:\/\/www.montedospinheirinhos.com\/diary\/wp-content\/uploads\/mastros05-150x150.jpg\" class=\"attachment-thumbnail size-thumbnail\" alt=\"\" \/><\/a>\n\t\t\t<\/div><\/figure><figure class='gallery-item'>\n\t\t\t<div class='gallery-icon landscape'>\n\t\t\t\t<a href='https:\/\/www.montedospinheirinhos.com\/diary\/wp-content\/uploads\/mastros06.jpg'><img loading=\"lazy\" decoding=\"async\" width=\"96\" height=\"96\" src=\"https:\/\/www.montedospinheirinhos.com\/diary\/wp-content\/uploads\/mastros06-150x150.jpg\" class=\"attachment-thumbnail size-thumbnail\" alt=\"\" \/><\/a>\n\t\t\t<\/div><\/figure><figure class='gallery-item'>\n\t\t\t<div class='gallery-icon landscape'>\n\t\t\t\t<a href='https:\/\/www.montedospinheirinhos.com\/diary\/wp-content\/uploads\/mastros07.jpg'><img loading=\"lazy\" decoding=\"async\" width=\"96\" height=\"96\" src=\"https:\/\/www.montedospinheirinhos.com\/diary\/wp-content\/uploads\/mastros07-150x150.jpg\" class=\"attachment-thumbnail size-thumbnail\" alt=\"\" \/><\/a>\n\t\t\t<\/div><\/figure><figure class='gallery-item'>\n\t\t\t<div class='gallery-icon landscape'>\n\t\t\t\t<a href='https:\/\/www.montedospinheirinhos.com\/diary\/wp-content\/uploads\/mastros08.jpg'><img loading=\"lazy\" decoding=\"async\" width=\"96\" height=\"96\" src=\"https:\/\/www.montedospinheirinhos.com\/diary\/wp-content\/uploads\/mastros08-150x150.jpg\" class=\"attachment-thumbnail size-thumbnail\" alt=\"\" \/><\/a>\n\t\t\t<\/div><\/figure><figure class='gallery-item'>\n\t\t\t<div class='gallery-icon landscape'>\n\t\t\t\t<a href='https:\/\/www.montedospinheirinhos.com\/diary\/wp-content\/uploads\/mastros09.jpg'><img loading=\"lazy\" decoding=\"async\" width=\"96\" height=\"96\" src=\"https:\/\/www.montedospinheirinhos.com\/diary\/wp-content\/uploads\/mastros09-150x150.jpg\" class=\"attachment-thumbnail size-thumbnail\" alt=\"\" \/><\/a>\n\t\t\t<\/div><\/figure><figure class='gallery-item'>\n\t\t\t<div class='gallery-icon landscape'>\n\t\t\t\t<a href='https:\/\/www.montedospinheirinhos.com\/diary\/wp-content\/uploads\/mastros10.jpg'><img loading=\"lazy\" decoding=\"async\" width=\"96\" height=\"96\" src=\"https:\/\/www.montedospinheirinhos.com\/diary\/wp-content\/uploads\/mastros10-150x150.jpg\" class=\"attachment-thumbnail size-thumbnail\" alt=\"\" \/><\/a>\n\t\t\t<\/div><\/figure><figure class='gallery-item'>\n\t\t\t<div class='gallery-icon landscape'>\n\t\t\t\t<a href='https:\/\/www.montedospinheirinhos.com\/diary\/wp-content\/uploads\/mastros11.jpg'><img loading=\"lazy\" decoding=\"async\" width=\"96\" height=\"96\" src=\"https:\/\/www.montedospinheirinhos.com\/diary\/wp-content\/uploads\/mastros11-150x150.jpg\" class=\"attachment-thumbnail size-thumbnail\" alt=\"\" \/><\/a>\n\t\t\t<\/div><\/figure><figure class='gallery-item'>\n\t\t\t<div class='gallery-icon landscape'>\n\t\t\t\t<a href='https:\/\/www.montedospinheirinhos.com\/diary\/wp-content\/uploads\/mastros12.jpg'><img loading=\"lazy\" decoding=\"async\" width=\"96\" height=\"96\" src=\"https:\/\/www.montedospinheirinhos.com\/diary\/wp-content\/uploads\/mastros12-150x150.jpg\" class=\"attachment-thumbnail size-thumbnail\" alt=\"\" \/><\/a>\n\t\t\t<\/div><\/figure>\n\t\t<\/div>\n\n","protected":false},"excerpt":{"rendered":"<p>\u00a0 O Festival dos Mastros de S. Teot\u00f3nio realiza-se nos anos \u00edmpares, durante o m\u00eas de Junho, e transforma a vila numa paleta de cor e imagina\u00e7\u00e3o em que a popula\u00e7\u00e3o contribui com o seu trabalho e arte\u00a0para um m\u00eas de deslumbramento e originalidade. Cada largo ostenta o seu Mastro com orgulho e, \u00e0 noite,&#8230;<\/p>\n","protected":false},"author":1,"featured_media":0,"parent":0,"menu_order":0,"comment_status":"closed","ping_status":"open","template":"","meta":{"_kad_post_transparent":"disable","_kad_post_title":"hide","_kad_post_layout":"fullwidth","_kad_post_sidebar_id":"","_kad_post_content_style":"unboxed","_kad_post_vertical_padding":"hide","_kad_post_feature":"","_kad_post_feature_position":"","_kad_post_header":false,"_kad_post_footer":false,"footnotes":""},"_links":{"self":[{"href":"https:\/\/www.montedospinheirinhos.com\/diary\/wp-json\/wp\/v2\/pages\/1412"}],"collection":[{"href":"https:\/\/www.montedospinheirinhos.com\/diary\/wp-json\/wp\/v2\/pages"}],"about":[{"href":"https:\/\/www.montedospinheirinhos.com\/diary\/wp-json\/wp\/v2\/types\/page"}],"author":[{"embeddable":true,"href":"https:\/\/www.montedospinheirinhos.com\/diary\/wp-json\/wp\/v2\/users\/1"}],"replies":[{"embeddable":true,"href":"https:\/\/www.montedospinheirinhos.com\/diary\/wp-json\/wp\/v2\/comments?post=1412"}],"version-history":[{"count":13,"href":"https:\/\/www.montedospinheirinhos.com\/diary\/wp-json\/wp\/v2\/pages\/1412\/revisions"}],"predecessor-version":[{"id":1983,"href":"https:\/\/www.montedospinheirinhos.com\/diary\/wp-json\/wp\/v2\/pages\/1412\/revisions\/1983"}],"wp:attachment":[{"href":"https:\/\/www.montedospinheirinhos.com\/diary\/wp-json\/wp\/v2\/media?parent=1412"}],"curies":[{"name":"wp","href":"https:\/\/api.w.org\/{rel}","templated":true}]}}