{"id":1405,"date":"2013-02-11T14:29:55","date_gmt":"2013-02-11T14:29:55","guid":{"rendered":"http:\/\/www.montedospinheirinhos.com\/diary\/?page_id=1405"},"modified":"2024-06-03T14:39:51","modified_gmt":"2024-06-03T14:39:51","slug":"libelinhas","status":"publish","type":"page","link":"https:\/\/www.montedospinheirinhos.com\/diary\/libelinhas\/","title":{"rendered":"Libelinhas"},"content":{"rendered":"<div id=\"intro\" style=\"text-align: center;\"><span class=\"double-line\">\u00a0<\/span><\/p>\n<h1>Algumas imagens de lib\u00e9lulas e libelinhas obtidas nos campos e bosques \u00e0 volta do Monte dos Pinheirinhos \u00a0e na Ribeira da Ben\u00e9mola em Queren\u00e7a.<\/h1>\n<p>&nbsp;<\/p>\n<address>Um agradecimento muito especial ao <strong>Sr. Francisco Sim\u00e3o<\/strong>, de Portalegre, que ajudou a identificar e a atribuir os nomes cient\u00edficos \u00e0s esp\u00e9cies fotografadas e que aqui\u00a0se encontram\u00a0representadas.<\/address>\n<p><span class=\"double-line\">\u00a0<\/span><\/p>\n<\/div>\n<div id='gallery-1' class='gallery galleryid-1405 gallery-columns-5 gallery-size-thumbnail'><figure class='gallery-item'>\n\t\t\t<div class='gallery-icon landscape'>\n\t\t\t\t<a href='https:\/\/www.montedospinheirinhos.com\/diary\/wp-content\/uploads\/Calopteryx-haemorhoidalis-Macho.jpg'><img loading=\"lazy\" decoding=\"async\" width=\"96\" height=\"96\" src=\"https:\/\/www.montedospinheirinhos.com\/diary\/wp-content\/uploads\/Calopteryx-haemorhoidalis-Macho-150x150.jpg\" class=\"attachment-thumbnail size-thumbnail\" alt=\"\" aria-describedby=\"gallery-1-1442\" \/><\/a>\n\t\t\t<\/div>\n\t\t\t\t<figcaption class='wp-caption-text gallery-caption' id='gallery-1-1442'>\n\t\t\t\tCalopteryx haemorhoidalis &#8211; Macho\n\t\t\t\t<\/figcaption><\/figure><figure class='gallery-item'>\n\t\t\t<div class='gallery-icon landscape'>\n\t\t\t\t<a href='https:\/\/www.montedospinheirinhos.com\/diary\/wp-content\/uploads\/Calopteryx-virgo-F\u00eamea-2.jpg'><img loading=\"lazy\" decoding=\"async\" width=\"96\" height=\"96\" src=\"https:\/\/www.montedospinheirinhos.com\/diary\/wp-content\/uploads\/Calopteryx-virgo-F\u00eamea-2-150x150.jpg\" class=\"attachment-thumbnail size-thumbnail\" alt=\"\" aria-describedby=\"gallery-1-1443\" \/><\/a>\n\t\t\t<\/div>\n\t\t\t\t<figcaption class='wp-caption-text gallery-caption' id='gallery-1-1443'>\n\t\t\t\tCalopteryx virgo &#8211; F\u00eamea\n\t\t\t\t<\/figcaption><\/figure><figure class='gallery-item'>\n\t\t\t<div class='gallery-icon landscape'>\n\t\t\t\t<a href='https:\/\/www.montedospinheirinhos.com\/diary\/wp-content\/uploads\/Calopteryx-virgo-F\u00eamea-3.jpg'><img loading=\"lazy\" decoding=\"async\" width=\"96\" height=\"96\" src=\"https:\/\/www.montedospinheirinhos.com\/diary\/wp-content\/uploads\/Calopteryx-virgo-F\u00eamea-3-150x150.jpg\" class=\"attachment-thumbnail size-thumbnail\" alt=\"\" aria-describedby=\"gallery-1-1444\" \/><\/a>\n\t\t\t<\/div>\n\t\t\t\t<figcaption class='wp-caption-text gallery-caption' id='gallery-1-1444'>\n\t\t\t\tCalopteryx virgo &#8211; F\u00eamea\n\t\t\t\t<\/figcaption><\/figure><figure class='gallery-item'>\n\t\t\t<div class='gallery-icon landscape'>\n\t\t\t\t<a href='https:\/\/www.montedospinheirinhos.com\/diary\/wp-content\/uploads\/Trithemis-annullata-Macho.jpg'><img loading=\"lazy\" decoding=\"async\" width=\"96\" height=\"96\" src=\"https:\/\/www.montedospinheirinhos.com\/diary\/wp-content\/uploads\/Trithemis-annullata-Macho-150x150.jpg\" class=\"attachment-thumbnail size-thumbnail\" alt=\"\" aria-describedby=\"gallery-1-1666\" \/><\/a>\n\t\t\t<\/div>\n\t\t\t\t<figcaption class='wp-caption-text gallery-caption' id='gallery-1-1666'>\n\t\t\t\tTrithemis annullata &#8211; Macho\n\t\t\t\t<\/figcaption><\/figure><figure class='gallery-item'>\n\t\t\t<div class='gallery-icon landscape'>\n\t\t\t\t<a href='https:\/\/www.montedospinheirinhos.com\/diary\/wp-content\/uploads\/Sympetrum-striolatum-Macho-1.jpg'><img loading=\"lazy\" decoding=\"async\" width=\"96\" height=\"96\" src=\"https:\/\/www.montedospinheirinhos.com\/diary\/wp-content\/uploads\/Sympetrum-striolatum-Macho-1-150x150.jpg\" class=\"attachment-thumbnail size-thumbnail\" alt=\"\" aria-describedby=\"gallery-1-1665\" \/><\/a>\n\t\t\t<\/div>\n\t\t\t\t<figcaption class='wp-caption-text gallery-caption' id='gallery-1-1665'>\n\t\t\t\tSympetrum striolatum &#8211; Macho \n\t\t\t\t<\/figcaption><\/figure><figure class='gallery-item'>\n\t\t\t<div class='gallery-icon landscape'>\n\t\t\t\t<a href='https:\/\/www.montedospinheirinhos.com\/diary\/wp-content\/uploads\/Sympetrum-striolatum-F\u00eamea-1.jpg'><img loading=\"lazy\" decoding=\"async\" width=\"96\" height=\"96\" src=\"https:\/\/www.montedospinheirinhos.com\/diary\/wp-content\/uploads\/Sympetrum-striolatum-F\u00eamea-1-150x150.jpg\" class=\"attachment-thumbnail size-thumbnail\" alt=\"\" aria-describedby=\"gallery-1-1664\" \/><\/a>\n\t\t\t<\/div>\n\t\t\t\t<figcaption class='wp-caption-text gallery-caption' id='gallery-1-1664'>\n\t\t\t\tSympetrum striolatum &#8211; F\u00eamea\n\t\t\t\t<\/figcaption><\/figure><figure class='gallery-item'>\n\t\t\t<div class='gallery-icon landscape'>\n\t\t\t\t<a href='https:\/\/www.montedospinheirinhos.com\/diary\/wp-content\/uploads\/Pyrrhosoma-nimphula-Macho.jpg'><img loading=\"lazy\" decoding=\"async\" width=\"96\" height=\"96\" src=\"https:\/\/www.montedospinheirinhos.com\/diary\/wp-content\/uploads\/Pyrrhosoma-nimphula-Macho-150x150.jpg\" class=\"attachment-thumbnail size-thumbnail\" alt=\"\" aria-describedby=\"gallery-1-1663\" \/><\/a>\n\t\t\t<\/div>\n\t\t\t\t<figcaption class='wp-caption-text gallery-caption' id='gallery-1-1663'>\n\t\t\t\tPyrrhosoma nimphula &#8211; Macho\n\t\t\t\t<\/figcaption><\/figure><figure class='gallery-item'>\n\t\t\t<div class='gallery-icon landscape'>\n\t\t\t\t<a href='https:\/\/www.montedospinheirinhos.com\/diary\/wp-content\/uploads\/Platycnemis-acutipennis-Macho.jpg'><img loading=\"lazy\" decoding=\"async\" width=\"96\" height=\"96\" src=\"https:\/\/www.montedospinheirinhos.com\/diary\/wp-content\/uploads\/Platycnemis-acutipennis-Macho-150x150.jpg\" class=\"attachment-thumbnail size-thumbnail\" alt=\"\" aria-describedby=\"gallery-1-1662\" \/><\/a>\n\t\t\t<\/div>\n\t\t\t\t<figcaption class='wp-caption-text gallery-caption' id='gallery-1-1662'>\n\t\t\t\tPlatycnemis acutipennis &#8211; Macho\n\t\t\t\t<\/figcaption><\/figure><figure class='gallery-item'>\n\t\t\t<div class='gallery-icon landscape'>\n\t\t\t\t<a href='https:\/\/www.montedospinheirinhos.com\/diary\/wp-content\/uploads\/Paragomphus-genei-F\u00eamea.jpg'><img loading=\"lazy\" decoding=\"async\" width=\"96\" height=\"96\" src=\"https:\/\/www.montedospinheirinhos.com\/diary\/wp-content\/uploads\/Paragomphus-genei-F\u00eamea-150x150.jpg\" class=\"attachment-thumbnail size-thumbnail\" alt=\"\" aria-describedby=\"gallery-1-1661\" \/><\/a>\n\t\t\t<\/div>\n\t\t\t\t<figcaption class='wp-caption-text gallery-caption' id='gallery-1-1661'>\n\t\t\t\tParagomphus genei &#8211; F\u00eamea\n\t\t\t\t<\/figcaption><\/figure><figure class='gallery-item'>\n\t\t\t<div class='gallery-icon landscape'>\n\t\t\t\t<a href='https:\/\/www.montedospinheirinhos.com\/diary\/wp-content\/uploads\/Orthetrum-coerulescens-F\u00eamea.jpg'><img loading=\"lazy\" decoding=\"async\" width=\"96\" height=\"96\" src=\"https:\/\/www.montedospinheirinhos.com\/diary\/wp-content\/uploads\/Orthetrum-coerulescens-F\u00eamea-150x150.jpg\" class=\"attachment-thumbnail size-thumbnail\" alt=\"\" aria-describedby=\"gallery-1-1660\" \/><\/a>\n\t\t\t<\/div>\n\t\t\t\t<figcaption class='wp-caption-text gallery-caption' id='gallery-1-1660'>\n\t\t\t\tOrthetrum coerulescens &#8211; F\u00eamea\n\t\t\t\t<\/figcaption><\/figure><figure class='gallery-item'>\n\t\t\t<div class='gallery-icon landscape'>\n\t\t\t\t<a href='https:\/\/www.montedospinheirinhos.com\/diary\/wp-content\/uploads\/Orthetrum-chrysostigma-Macho.jpg'><img loading=\"lazy\" decoding=\"async\" width=\"96\" height=\"96\" src=\"https:\/\/www.montedospinheirinhos.com\/diary\/wp-content\/uploads\/Orthetrum-chrysostigma-Macho-150x150.jpg\" class=\"attachment-thumbnail size-thumbnail\" alt=\"\" aria-describedby=\"gallery-1-1659\" \/><\/a>\n\t\t\t<\/div>\n\t\t\t\t<figcaption class='wp-caption-text gallery-caption' id='gallery-1-1659'>\n\t\t\t\tOrthetrum chrysostigma Macho\n\t\t\t\t<\/figcaption><\/figure><figure class='gallery-item'>\n\t\t\t<div class='gallery-icon landscape'>\n\t\t\t\t<a href='https:\/\/www.montedospinheirinhos.com\/diary\/wp-content\/uploads\/Orthetrum-chrysostigma-Macho-teneral.jpg'><img loading=\"lazy\" decoding=\"async\" width=\"96\" height=\"96\" src=\"https:\/\/www.montedospinheirinhos.com\/diary\/wp-content\/uploads\/Orthetrum-chrysostigma-Macho-teneral-150x150.jpg\" class=\"attachment-thumbnail size-thumbnail\" alt=\"\" aria-describedby=\"gallery-1-1658\" \/><\/a>\n\t\t\t<\/div>\n\t\t\t\t<figcaption class='wp-caption-text gallery-caption' id='gallery-1-1658'>\n\t\t\t\tOrthetrum chrysostigma Macho teneral\n\t\t\t\t<\/figcaption><\/figure><figure class='gallery-item'>\n\t\t\t<div class='gallery-icon landscape'>\n\t\t\t\t<a href='https:\/\/www.montedospinheirinhos.com\/diary\/wp-content\/uploads\/Orthetrum-chrysostigma-Acasalamento.jpg'><img loading=\"lazy\" decoding=\"async\" width=\"96\" height=\"96\" src=\"https:\/\/www.montedospinheirinhos.com\/diary\/wp-content\/uploads\/Orthetrum-chrysostigma-Acasalamento-150x150.jpg\" class=\"attachment-thumbnail size-thumbnail\" alt=\"\" aria-describedby=\"gallery-1-1657\" \/><\/a>\n\t\t\t<\/div>\n\t\t\t\t<figcaption class='wp-caption-text gallery-caption' id='gallery-1-1657'>\n\t\t\t\tOrthetrum chrysostigma &#8211; Acasalamento\n\t\t\t\t<\/figcaption><\/figure><figure class='gallery-item'>\n\t\t\t<div class='gallery-icon landscape'>\n\t\t\t\t<a href='https:\/\/www.montedospinheirinhos.com\/diary\/wp-content\/uploads\/Onycogomphus-uncatus-Macho.jpg'><img loading=\"lazy\" decoding=\"async\" width=\"96\" height=\"96\" src=\"https:\/\/www.montedospinheirinhos.com\/diary\/wp-content\/uploads\/Onycogomphus-uncatus-Macho-150x150.jpg\" class=\"attachment-thumbnail size-thumbnail\" alt=\"\" aria-describedby=\"gallery-1-1656\" \/><\/a>\n\t\t\t<\/div>\n\t\t\t\t<figcaption class='wp-caption-text gallery-caption' id='gallery-1-1656'>\n\t\t\t\tOnycogomphus uncatus &#8211; Macho\n\t\t\t\t<\/figcaption><\/figure><figure class='gallery-item'>\n\t\t\t<div class='gallery-icon landscape'>\n\t\t\t\t<a href='https:\/\/www.montedospinheirinhos.com\/diary\/wp-content\/uploads\/Anax-Imperator-F\u00eamea.jpg'><img loading=\"lazy\" decoding=\"async\" width=\"96\" height=\"96\" src=\"https:\/\/www.montedospinheirinhos.com\/diary\/wp-content\/uploads\/Anax-Imperator-F\u00eamea-150x150.jpg\" class=\"attachment-thumbnail size-thumbnail\" alt=\"\" aria-describedby=\"gallery-1-1655\" \/><\/a>\n\t\t\t<\/div>\n\t\t\t\t<figcaption class='wp-caption-text gallery-caption' id='gallery-1-1655'>\n\t\t\t\tAnax Imperator &#8211; F\u00eamea\n\t\t\t\t<\/figcaption><\/figure>\n\t\t<\/div>\n\n","protected":false},"excerpt":{"rendered":"<p>\u00a0 Algumas imagens de lib\u00e9lulas e libelinhas obtidas nos campos e bosques \u00e0 volta do Monte dos Pinheirinhos \u00a0e na Ribeira da Ben\u00e9mola em Queren\u00e7a. &nbsp; Um agradecimento muito especial ao Sr. Francisco Sim\u00e3o, de Portalegre, que ajudou a identificar e a atribuir os nomes cient\u00edficos \u00e0s esp\u00e9cies fotografadas e que aqui\u00a0se encontram\u00a0representadas. \u00a0<\/p>\n","protected":false},"author":1,"featured_media":0,"parent":0,"menu_order":0,"comment_status":"closed","ping_status":"open","template":"","meta":{"_kad_post_transparent":"disable","_kad_post_title":"hide","_kad_post_layout":"fullwidth","_kad_post_sidebar_id":"","_kad_post_content_style":"unboxed","_kad_post_vertical_padding":"hide","_kad_post_feature":"","_kad_post_feature_position":"","_kad_post_header":false,"_kad_post_footer":false,"footnotes":""},"_links":{"self":[{"href":"https:\/\/www.montedospinheirinhos.com\/diary\/wp-json\/wp\/v2\/pages\/1405"}],"collection":[{"href":"https:\/\/www.montedospinheirinhos.com\/diary\/wp-json\/wp\/v2\/pages"}],"about":[{"href":"https:\/\/www.montedospinheirinhos.com\/diary\/wp-json\/wp\/v2\/types\/page"}],"author":[{"embeddable":true,"href":"https:\/\/www.montedospinheirinhos.com\/diary\/wp-json\/wp\/v2\/users\/1"}],"replies":[{"embeddable":true,"href":"https:\/\/www.montedospinheirinhos.com\/diary\/wp-json\/wp\/v2\/comments?post=1405"}],"version-history":[{"count":23,"href":"https:\/\/www.montedospinheirinhos.com\/diary\/wp-json\/wp\/v2\/pages\/1405\/revisions"}],"predecessor-version":[{"id":1985,"href":"https:\/\/www.montedospinheirinhos.com\/diary\/wp-json\/wp\/v2\/pages\/1405\/revisions\/1985"}],"wp:attachment":[{"href":"https:\/\/www.montedospinheirinhos.com\/diary\/wp-json\/wp\/v2\/media?parent=1405"}],"curies":[{"name":"wp","href":"https:\/\/api.w.org\/{rel}","templated":true}]}}